{"id":3577,"date":"2022-09-19T16:08:41","date_gmt":"2022-09-19T16:08:41","guid":{"rendered":"https:\/\/www.riadaltair.com\/?page_id=3577"},"modified":"2025-02-12T19:43:08","modified_gmt":"2025-02-12T19:43:08","slug":"menu","status":"publish","type":"page","link":"https:\/\/www.riadaltair.com\/fr\/menu\/","title":{"rendered":"MENUS"},"content":{"rendered":"\t\t<div data-elementor-type=\"wp-page\" data-elementor-id=\"3577\" class=\"elementor elementor-3577\" data-elementor-post-type=\"page\">\n\t\t\t\t\t\t<section class=\"elementor-section elementor-top-section elementor-element elementor-element-8241dd8 elementor-section-full_width elementor-section-stretched elementor-section-height-min-height elementor-section-height-default elementor-section-items-middle\" data-id=\"8241dd8\" data-element_type=\"section\" data-e-type=\"section\" data-settings=\"{&quot;stretch_section&quot;:&quot;section-stretched&quot;,&quot;jet_parallax_layout_list&quot;:[],&quot;background_background&quot;:&quot;classic&quot;}\">\n\t\t\t\t\t\t<div class=\"elementor-container elementor-column-gap-default\">\n\t\t\t\t\t<div class=\"elementor-column elementor-col-100 elementor-top-column elementor-element elementor-element-392ce7b\" data-id=\"392ce7b\" data-element_type=\"column\" data-e-type=\"column\">\n\t\t\t<div class=\"elementor-widget-wrap\">\n\t\t\t\t\t\t\t<\/div>\n\t\t<\/div>\n\t\t\t\t\t<\/div>\n\t\t<\/section>\n\t\t\t\t<section class=\"elementor-section elementor-top-section elementor-element elementor-element-c2e8621 elementor-section-boxed elementor-section-height-default elementor-section-height-default\" data-id=\"c2e8621\" data-element_type=\"section\" data-e-type=\"section\" data-settings=\"{&quot;jet_parallax_layout_list&quot;:[]}\">\n\t\t\t\t\t\t<div class=\"elementor-container elementor-column-gap-default\">\n\t\t\t\t\t<div class=\"elementor-column elementor-col-100 elementor-top-column elementor-element elementor-element-d9c9c61\" data-id=\"d9c9c61\" data-element_type=\"column\" data-e-type=\"column\">\n\t\t\t<div class=\"elementor-widget-wrap elementor-element-populated\">\n\t\t\t\t\t\t<div class=\"elementor-element elementor-element-28d1da6 elementor-widget elementor-widget-heading\" data-id=\"28d1da6\" data-element_type=\"widget\" data-e-type=\"widget\" data-widget_type=\"heading.default\">\n\t\t\t\t<div class=\"elementor-widget-container\">\n\t\t\t\t\t<h2 class=\"elementor-heading-title elementor-size-default\">MENUS<\/h2>\t\t\t\t<\/div>\n\t\t\t\t<\/div>\n\t\t\t\t\t<\/div>\n\t\t<\/div>\n\t\t\t\t\t<\/div>\n\t\t<\/section>\n\t\t\t\t<section class=\"elementor-section elementor-top-section elementor-element elementor-element-8751b8a elementor-section-boxed elementor-section-height-default elementor-section-height-default\" data-id=\"8751b8a\" data-element_type=\"section\" data-e-type=\"section\" data-settings=\"{&quot;jet_parallax_layout_list&quot;:[]}\">\n\t\t\t\t\t\t<div class=\"elementor-container elementor-column-gap-default\">\n\t\t\t\t\t<div class=\"elementor-column elementor-col-50 elementor-top-column elementor-element elementor-element-f002c5f\" data-id=\"f002c5f\" data-element_type=\"column\" data-e-type=\"column\">\n\t\t\t<div class=\"elementor-widget-wrap elementor-element-populated\">\n\t\t\t\t\t\t<div class=\"elementor-element elementor-element-ff1ce71 elementor-widget elementor-widget-heading\" data-id=\"ff1ce71\" data-element_type=\"widget\" data-e-type=\"widget\" data-widget_type=\"heading.default\">\n\t\t\t\t<div class=\"elementor-widget-container\">\n\t\t\t\t\t<h2 class=\"elementor-heading-title elementor-size-default\">Menus d\u00eeners<\/h2>\t\t\t\t<\/div>\n\t\t\t\t<\/div>\n\t\t\t\t<div class=\"elementor-element elementor-element-14c0c43 elementor-widget elementor-widget-text-editor\" data-id=\"14c0c43\" data-element_type=\"widget\" data-e-type=\"widget\" data-widget_type=\"text-editor.default\">\n\t\t\t\t<div class=\"elementor-widget-container\">\n\t\t\t\t\t\t\t\t\t<p style=\"font-weight: 400;\">D\u00e9couvrez la cuisine de Saida, qui chaque matin apr\u00e8s avoir fait son march\u00e9 dans les souks \u00e0 cot\u00e9, vous concoctera les sp\u00e9cialit\u00e9s dont elle a le secret. Et si vous avez un souhait particulier, n\u2019h\u00e9sitez pas \u00e0 lui formuler, elle se fera toujours un plaisir de vous satisfaire\u2026<\/p>\t\t\t\t\t\t\t\t<\/div>\n\t\t\t\t<\/div>\n\t\t\t\t<div class=\"elementor-element elementor-element-e7bd8a1 elementor-align-right elementor-mobile-align-center elementor-tablet-align-center elementor-widget elementor-widget-raven-button\" data-id=\"e7bd8a1\" data-element_type=\"widget\" data-e-type=\"widget\" data-settings=\"{&quot;turn_to_popup_action_button&quot;:&quot;no&quot;}\" data-widget_type=\"raven-button.default\">\n\t\t\t\t<div class=\"elementor-widget-container\">\n\t\t\t\t\t\t\t<div class=\"raven-widget-wrapper\">\n\t\t\t<a class=\"raven-button raven-button-widget-normal-effect-none  raven-button-text-align-right raven-button-link elementor-animation-none\" href=\"\/menus-diners\/\">\t\t\t\t<div class=\"raven-button-overlay\" ><\/div>\n\t\t\t\t<span class=\"raven-button-content\">\n\t\t\t\t\t\n\t\t\t\t\t<div class=\"button-text-container\">\n\t\t\t\t\t\t\t\t\t\t\t\t<div class=\"raven-button-texts-wrapper\">\n\t\t\t\t\t\t\t<div class=\"button-text\">\n\t\t\t\t\t\t\t\t<span class=\"raven-button-text\">\n\t\t\t\t\t\t\t\t\tVoir +\t\t\t\t\t\t\t\t<\/span>\n\t\t\t\t\t\t\t<\/div>\n\t\t\t\t\t\t\t\t\t\t\t\t\t<\/div>\n\t\t\t\t\t\t\t\t\t\t\t<\/div>\n\t\t\t\t\t\n\t\t\t\t\t\t\t\t\t<\/span>\n\t\t\t<\/a>\t\t<\/div>\n\t\t\t\t\t\t<\/div>\n\t\t\t\t<\/div>\n\t\t\t\t\t<\/div>\n\t\t<\/div>\n\t\t\t\t<div class=\"elementor-column elementor-col-50 elementor-top-column elementor-element elementor-element-761eb02\" data-id=\"761eb02\" data-element_type=\"column\" data-e-type=\"column\">\n\t\t\t<div class=\"elementor-widget-wrap elementor-element-populated\">\n\t\t\t\t\t\t<div class=\"elementor-element elementor-element-7924791 elementor-widget elementor-widget-image\" data-id=\"7924791\" data-element_type=\"widget\" data-e-type=\"widget\" data-widget_type=\"image.default\">\n\t\t\t\t<div class=\"elementor-widget-container\">\n\t\t\t\t\t\t\t\t\t\t\t\t\t\t\t\t<a href=\"\/menus-diners\/\" target=\"_blank\">\n\t\t\t\t\t\t\t<img fetchpriority=\"high\" decoding=\"async\" width=\"567\" height=\"378\" src=\"https:\/\/www.riadaltair.com\/wp-content\/uploads\/2022\/10\/IMG_7957-1.jpg\" class=\"attachment-full size-full wp-image-7323\" alt=\"RIAD ALTAIR MARRAKECH TERRASSE MOSQU\u00c9 REPAS\" srcset=\"https:\/\/www.riadaltair.com\/wp-content\/uploads\/2022\/10\/IMG_7957-1.jpg 567w, https:\/\/www.riadaltair.com\/wp-content\/uploads\/2022\/10\/IMG_7957-1-300x200.jpg 300w\" sizes=\"(max-width: 567px) 100vw, 567px\" \/>\t\t\t\t\t\t\t\t<\/a>\n\t\t\t\t\t\t\t\t\t\t\t\t\t\t\t<\/div>\n\t\t\t\t<\/div>\n\t\t\t\t\t<\/div>\n\t\t<\/div>\n\t\t\t\t\t<\/div>\n\t\t<\/section>\n\t\t\t\t<section class=\"elementor-section elementor-top-section elementor-element elementor-element-3b6ff9d elementor-section-boxed elementor-section-height-default elementor-section-height-default\" data-id=\"3b6ff9d\" data-element_type=\"section\" data-e-type=\"section\" data-settings=\"{&quot;jet_parallax_layout_list&quot;:[]}\">\n\t\t\t\t\t\t<div class=\"elementor-container elementor-column-gap-default\">\n\t\t\t\t\t<div class=\"elementor-column elementor-col-50 elementor-top-column elementor-element elementor-element-b3806ac\" data-id=\"b3806ac\" data-element_type=\"column\" data-e-type=\"column\">\n\t\t\t<div class=\"elementor-widget-wrap elementor-element-populated\">\n\t\t\t\t\t\t<div class=\"elementor-element elementor-element-788485e elementor-widget elementor-widget-heading\" data-id=\"788485e\" data-element_type=\"widget\" data-e-type=\"widget\" data-widget_type=\"heading.default\">\n\t\t\t\t<div class=\"elementor-widget-container\">\n\t\t\t\t\t<h2 class=\"elementor-heading-title elementor-size-default\">Spa<\/h2>\t\t\t\t<\/div>\n\t\t\t\t<\/div>\n\t\t\t\t<div class=\"elementor-element elementor-element-b243f7f elementor-widget elementor-widget-text-editor\" data-id=\"b243f7f\" data-element_type=\"widget\" data-e-type=\"widget\" data-widget_type=\"text-editor.default\">\n\t\t\t\t<div class=\"elementor-widget-container\">\n\t\t\t\t\t\t\t\t\t<p style=\"font-weight: 400;\">\u00c9chappez \u00e0 l\u2019agitation ext\u00e9rieure en vous glissant dans un univers de relaxation.<br \/>A l\u2019entr\u00e9e de la m\u00e9dina de Marrakech, entre Dar El Bacha et Bab Doukkala, nos partenaires vous accueillent dans un riad, espace d\u00e9di\u00e9 au bien \u00eatre.<br \/>V\u00e9ritable \u00e9crin de beaut\u00e9 qui \u00e9veille les sens\u2026.<br \/>Une d\u00e9coration orientale \u00e9l\u00e9gante et raffin\u00e9e, une merveilleuse palette de rituels de bains, de massages, la rencontre des traditions ancestrales du Maroc et de la cosm\u00e9tique traditionnelle marocaine .<br \/>Vivez une exp\u00e9rience\u00a0o\u00f9\u00a0le temps et l\u2019espace prennent une toute autre dimension \u2026.<\/p>\t\t\t\t\t\t\t\t<\/div>\n\t\t\t\t<\/div>\n\t\t\t\t<div class=\"elementor-element elementor-element-deae6d9 elementor-align-right elementor-mobile-align-center elementor-tablet-align-center elementor-widget elementor-widget-raven-button\" data-id=\"deae6d9\" data-element_type=\"widget\" data-e-type=\"widget\" data-settings=\"{&quot;turn_to_popup_action_button&quot;:&quot;no&quot;}\" data-widget_type=\"raven-button.default\">\n\t\t\t\t<div class=\"elementor-widget-container\">\n\t\t\t\t\t\t\t<div class=\"raven-widget-wrapper\">\n\t\t\t<a class=\"raven-button raven-button-widget-normal-effect-none  raven-button-text-align-right raven-button-link elementor-animation-none\" href=\"\/spa\/\">\t\t\t\t<div class=\"raven-button-overlay\" ><\/div>\n\t\t\t\t<span class=\"raven-button-content\">\n\t\t\t\t\t\n\t\t\t\t\t<div class=\"button-text-container\">\n\t\t\t\t\t\t\t\t\t\t\t\t<div class=\"raven-button-texts-wrapper\">\n\t\t\t\t\t\t\t<div class=\"button-text\">\n\t\t\t\t\t\t\t\t<span class=\"raven-button-text\">\n\t\t\t\t\t\t\t\t\tVoir +\t\t\t\t\t\t\t\t<\/span>\n\t\t\t\t\t\t\t<\/div>\n\t\t\t\t\t\t\t\t\t\t\t\t\t<\/div>\n\t\t\t\t\t\t\t\t\t\t\t<\/div>\n\t\t\t\t\t\n\t\t\t\t\t\t\t\t\t<\/span>\n\t\t\t<\/a>\t\t<\/div>\n\t\t\t\t\t\t<\/div>\n\t\t\t\t<\/div>\n\t\t\t\t\t<\/div>\n\t\t<\/div>\n\t\t\t\t<div class=\"elementor-column elementor-col-50 elementor-top-column elementor-element elementor-element-65d5f0f\" data-id=\"65d5f0f\" data-element_type=\"column\" data-e-type=\"column\">\n\t\t\t<div class=\"elementor-widget-wrap elementor-element-populated\">\n\t\t\t\t\t\t<div class=\"elementor-element elementor-element-ecf5ac9 elementor-widget elementor-widget-image\" data-id=\"ecf5ac9\" data-element_type=\"widget\" data-e-type=\"widget\" data-widget_type=\"image.default\">\n\t\t\t\t<div class=\"elementor-widget-container\">\n\t\t\t\t\t\t\t\t\t\t\t\t\t\t\t\t<a href=\"\/spa\/\" target=\"_blank\">\n\t\t\t\t\t\t\t<img decoding=\"async\" width=\"551\" height=\"368\" src=\"https:\/\/www.riadaltair.com\/wp-content\/uploads\/2022\/10\/Massage-oriental-1-1536x1025-1.jpg\" class=\"attachment-full size-full wp-image-7239\" alt=\"\" srcset=\"https:\/\/www.riadaltair.com\/wp-content\/uploads\/2022\/10\/Massage-oriental-1-1536x1025-1.jpg 551w, https:\/\/www.riadaltair.com\/wp-content\/uploads\/2022\/10\/Massage-oriental-1-1536x1025-1-300x200.jpg 300w\" sizes=\"(max-width: 551px) 100vw, 551px\" \/>\t\t\t\t\t\t\t\t<\/a>\n\t\t\t\t\t\t\t\t\t\t\t\t\t\t\t<\/div>\n\t\t\t\t<\/div>\n\t\t\t\t\t<\/div>\n\t\t<\/div>\n\t\t\t\t\t<\/div>\n\t\t<\/section>\n\t\t\t\t<section class=\"elementor-section elementor-top-section elementor-element elementor-element-9d02c59 elementor-section-boxed elementor-section-height-default elementor-section-height-default\" data-id=\"9d02c59\" data-element_type=\"section\" data-e-type=\"section\" data-settings=\"{&quot;jet_parallax_layout_list&quot;:[]}\">\n\t\t\t\t\t\t<div class=\"elementor-container elementor-column-gap-default\">\n\t\t\t\t\t<div class=\"elementor-column elementor-col-50 elementor-top-column elementor-element elementor-element-03b4a0d\" data-id=\"03b4a0d\" data-element_type=\"column\" data-e-type=\"column\">\n\t\t\t<div class=\"elementor-widget-wrap elementor-element-populated\">\n\t\t\t\t\t\t<div class=\"elementor-element elementor-element-062da8a elementor-widget elementor-widget-heading\" data-id=\"062da8a\" data-element_type=\"widget\" data-e-type=\"widget\" data-widget_type=\"heading.default\">\n\t\t\t\t<div class=\"elementor-widget-container\">\n\t\t\t\t\t<h2 class=\"elementor-heading-title elementor-size-default\"> Excursions<\/h2>\t\t\t\t<\/div>\n\t\t\t\t<\/div>\n\t\t\t\t<div class=\"elementor-element elementor-element-4c80a5d elementor-widget elementor-widget-text-editor\" data-id=\"4c80a5d\" data-element_type=\"widget\" data-e-type=\"widget\" data-widget_type=\"text-editor.default\">\n\t\t\t\t<div class=\"elementor-widget-container\">\n\t\t\t\t\t\t\t\t\t<p style=\"font-weight: 400;\">D\u00e9couvrez le Maroc dans un esprit d\u2019aventure en tout confort et confiance ! Nos partenaires vous offrent un large choix d\u2019activit\u00e9s et de loisirs au d\u00e9part de Marrakech et du d\u00e9sert d\u2019Agafay.<br \/>Nous proposons d\u2019authentiques exp\u00e9riences en demi-journ\u00e9e, journ\u00e9e ou en circuits \u00e0 travers les plus belles r\u00e9gions autour de Marrakech et du Haut Atlas. A dos de dromadaire, \u00e0 4 roues sur un quad ou un buggy, ou encore \u00e0 pied,. Sortez des sentiers battus, parcourrez les plus belles pistes, d\u00e9couvrez des d\u00e9serts fantastiques et profitez de la lumi\u00e8re unique du Maroc !<\/p><p style=\"font-weight: 400;\">Nous pouvons \u00e9galement organiser vos transferts a\u00e9roport<\/p>\t\t\t\t\t\t\t\t<\/div>\n\t\t\t\t<\/div>\n\t\t\t\t<div class=\"elementor-element elementor-element-903433b elementor-align-right elementor-mobile-align-center elementor-tablet-align-center elementor-widget elementor-widget-raven-button\" data-id=\"903433b\" data-element_type=\"widget\" data-e-type=\"widget\" data-settings=\"{&quot;turn_to_popup_action_button&quot;:&quot;no&quot;}\" data-widget_type=\"raven-button.default\">\n\t\t\t\t<div class=\"elementor-widget-container\">\n\t\t\t\t\t\t\t<div class=\"raven-widget-wrapper\">\n\t\t\t<a class=\"raven-button raven-button-widget-normal-effect-none  raven-button-text-align-right raven-button-link elementor-animation-none\" href=\"\/excursion\/\">\t\t\t\t<div class=\"raven-button-overlay\" ><\/div>\n\t\t\t\t<span class=\"raven-button-content\">\n\t\t\t\t\t\n\t\t\t\t\t<div class=\"button-text-container\">\n\t\t\t\t\t\t\t\t\t\t\t\t<div class=\"raven-button-texts-wrapper\">\n\t\t\t\t\t\t\t<div class=\"button-text\">\n\t\t\t\t\t\t\t\t<span class=\"raven-button-text\">\n\t\t\t\t\t\t\t\t\tVoir +\t\t\t\t\t\t\t\t<\/span>\n\t\t\t\t\t\t\t<\/div>\n\t\t\t\t\t\t\t\t\t\t\t\t\t<\/div>\n\t\t\t\t\t\t\t\t\t\t\t<\/div>\n\t\t\t\t\t\n\t\t\t\t\t\t\t\t\t<\/span>\n\t\t\t<\/a>\t\t<\/div>\n\t\t\t\t\t\t<\/div>\n\t\t\t\t<\/div>\n\t\t\t\t\t<\/div>\n\t\t<\/div>\n\t\t\t\t<div class=\"elementor-column elementor-col-50 elementor-top-column elementor-element elementor-element-9253c49\" data-id=\"9253c49\" data-element_type=\"column\" data-e-type=\"column\">\n\t\t\t<div class=\"elementor-widget-wrap elementor-element-populated\">\n\t\t\t\t\t\t<div class=\"elementor-element elementor-element-db884a7 elementor-widget elementor-widget-image\" data-id=\"db884a7\" data-element_type=\"widget\" data-e-type=\"widget\" data-widget_type=\"image.default\">\n\t\t\t\t<div class=\"elementor-widget-container\">\n\t\t\t\t\t\t\t\t\t\t\t\t\t\t\t\t<a href=\"\/excursion\/\" target=\"_blank\">\n\t\t\t\t\t\t\t<img decoding=\"async\" width=\"567\" height=\"378\" src=\"https:\/\/www.riadaltair.com\/wp-content\/uploads\/2022\/10\/EXCURSIONS-1.jpg\" class=\"attachment-full size-full wp-image-7313\" alt=\"RIAD ALTAIR MARRAKECH  EXCURSIONS CHAMEAUX MONTAGNE\" srcset=\"https:\/\/www.riadaltair.com\/wp-content\/uploads\/2022\/10\/EXCURSIONS-1.jpg 567w, https:\/\/www.riadaltair.com\/wp-content\/uploads\/2022\/10\/EXCURSIONS-1-300x200.jpg 300w\" sizes=\"(max-width: 567px) 100vw, 567px\" \/>\t\t\t\t\t\t\t\t<\/a>\n\t\t\t\t\t\t\t\t\t\t\t\t\t\t\t<\/div>\n\t\t\t\t<\/div>\n\t\t\t\t\t<\/div>\n\t\t<\/div>\n\t\t\t\t\t<\/div>\n\t\t<\/section>\n\t\t\t\t<section class=\"elementor-section elementor-top-section elementor-element elementor-element-f246def elementor-section-boxed elementor-section-height-default elementor-section-height-default\" data-id=\"f246def\" data-element_type=\"section\" data-e-type=\"section\" data-settings=\"{&quot;jet_parallax_layout_list&quot;:[]}\">\n\t\t\t\t\t\t<div class=\"elementor-container elementor-column-gap-default\">\n\t\t\t\t\t<div class=\"elementor-column elementor-col-50 elementor-top-column elementor-element elementor-element-76f2775\" data-id=\"76f2775\" data-element_type=\"column\" data-e-type=\"column\">\n\t\t\t<div class=\"elementor-widget-wrap\">\n\t\t\t\t\t\t\t<\/div>\n\t\t<\/div>\n\t\t\t\t<div class=\"elementor-column elementor-col-50 elementor-top-column elementor-element elementor-element-a74a8b5\" data-id=\"a74a8b5\" data-element_type=\"column\" data-e-type=\"column\">\n\t\t\t<div class=\"elementor-widget-wrap\">\n\t\t\t\t\t\t\t<\/div>\n\t\t<\/div>\n\t\t\t\t\t<\/div>\n\t\t<\/section>\n\t\t\t\t<\/div>\n\t\t","protected":false},"excerpt":{"rendered":"<p>MENUS Menus d\u00eeners D\u00e9couvrez la cuisine de Saida, qui chaque matin apr\u00e8s avoir fait son march\u00e9 dans les souks \u00e0 cot\u00e9, vous concoctera les sp\u00e9cialit\u00e9s dont elle a le secret. Et si vous avez un souhait particulier, n\u2019h\u00e9sitez pas \u00e0 lui formuler, elle se fera toujours un plaisir de vous satisfaire\u2026 Voir + Spa \u00c9chappez [&hellip;]<\/p>\n","protected":false},"author":1,"featured_media":0,"parent":0,"menu_order":0,"comment_status":"closed","ping_status":"closed","template":"","meta":{"_acf_changed":false,"footnotes":""},"class_list":["post-3577","page","type-page","status-publish","hentry"],"acf":[],"yoast_head":"<!-- This site is optimized with the Yoast SEO plugin v27.4 - https:\/\/yoast.com\/product\/yoast-seo-wordpress\/ -->\n<title>MENUS - riad altair guest house marrakech<\/title>\n<meta name=\"robots\" content=\"index, follow, max-snippet:-1, max-image-preview:large, max-video-preview:-1\" \/>\n<link rel=\"canonical\" href=\"https:\/\/www.riadaltair.com\/fr\/menu\/\" \/>\n<meta property=\"og:locale\" content=\"fr_FR\" \/>\n<meta property=\"og:type\" content=\"article\" \/>\n<meta property=\"og:title\" content=\"MENUS - riad altair guest house marrakech\" \/>\n<meta property=\"og:description\" content=\"MENUS Menus d\u00eeners D\u00e9couvrez la cuisine de Saida, qui chaque matin apr\u00e8s avoir fait son march\u00e9 dans les souks \u00e0 cot\u00e9, vous concoctera les sp\u00e9cialit\u00e9s dont elle a le secret. Et si vous avez un souhait particulier, n\u2019h\u00e9sitez pas \u00e0 lui formuler, elle se fera toujours un plaisir de vous satisfaire\u2026 Voir + Spa \u00c9chappez [&hellip;]\" \/>\n<meta property=\"og:url\" content=\"https:\/\/www.riadaltair.com\/fr\/menu\/\" \/>\n<meta property=\"og:site_name\" content=\"riad altair guest house marrakech\" \/>\n<meta property=\"article:modified_time\" content=\"2025-02-12T19:43:08+00:00\" \/>\n<meta property=\"og:image\" content=\"https:\/\/www.riadaltair.com\/wp-content\/uploads\/2022\/10\/IMG_7957-1.jpg\" \/>\n\t<meta property=\"og:image:width\" content=\"567\" \/>\n\t<meta property=\"og:image:height\" content=\"378\" \/>\n\t<meta property=\"og:image:type\" content=\"image\/jpeg\" \/>\n<meta name=\"twitter:card\" content=\"summary_large_image\" \/>\n<meta name=\"twitter:label1\" content=\"Dur\u00e9e de lecture estim\u00e9e\" \/>\n\t<meta name=\"twitter:data1\" content=\"2 minutes\" \/>\n<script type=\"application\/ld+json\" class=\"yoast-schema-graph\">{\"@context\":\"https:\\\/\\\/schema.org\",\"@graph\":[{\"@type\":\"WebPage\",\"@id\":\"https:\\\/\\\/www.riadaltair.com\\\/fr\\\/menu\\\/\",\"url\":\"https:\\\/\\\/www.riadaltair.com\\\/fr\\\/menu\\\/\",\"name\":\"MENUS - riad altair guest house marrakech\",\"isPartOf\":{\"@id\":\"https:\\\/\\\/www.riadaltair.com\\\/#website\"},\"primaryImageOfPage\":{\"@id\":\"https:\\\/\\\/www.riadaltair.com\\\/fr\\\/menu\\\/#primaryimage\"},\"image\":{\"@id\":\"https:\\\/\\\/www.riadaltair.com\\\/fr\\\/menu\\\/#primaryimage\"},\"thumbnailUrl\":\"https:\\\/\\\/www.riadaltair.com\\\/wp-content\\\/uploads\\\/2022\\\/10\\\/IMG_7957-1.jpg\",\"datePublished\":\"2022-09-19T16:08:41+00:00\",\"dateModified\":\"2025-02-12T19:43:08+00:00\",\"breadcrumb\":{\"@id\":\"https:\\\/\\\/www.riadaltair.com\\\/fr\\\/menu\\\/#breadcrumb\"},\"inLanguage\":\"fr-FR\",\"potentialAction\":[{\"@type\":\"ReadAction\",\"target\":[\"https:\\\/\\\/www.riadaltair.com\\\/fr\\\/menu\\\/\"]}]},{\"@type\":\"ImageObject\",\"inLanguage\":\"fr-FR\",\"@id\":\"https:\\\/\\\/www.riadaltair.com\\\/fr\\\/menu\\\/#primaryimage\",\"url\":\"https:\\\/\\\/www.riadaltair.com\\\/wp-content\\\/uploads\\\/2022\\\/10\\\/IMG_7957-1.jpg\",\"contentUrl\":\"https:\\\/\\\/www.riadaltair.com\\\/wp-content\\\/uploads\\\/2022\\\/10\\\/IMG_7957-1.jpg\"},{\"@type\":\"BreadcrumbList\",\"@id\":\"https:\\\/\\\/www.riadaltair.com\\\/fr\\\/menu\\\/#breadcrumb\",\"itemListElement\":[{\"@type\":\"ListItem\",\"position\":1,\"name\":\"Accueil\",\"item\":\"https:\\\/\\\/www.riadaltair.com\\\/fr\\\/\"},{\"@type\":\"ListItem\",\"position\":2,\"name\":\"MENUS\"}]},{\"@type\":\"WebSite\",\"@id\":\"https:\\\/\\\/www.riadaltair.com\\\/#website\",\"url\":\"https:\\\/\\\/www.riadaltair.com\\\/\",\"name\":\"riad altair guest house marrakech\",\"description\":\"riad altair guest house marrakech\",\"potentialAction\":[{\"@type\":\"SearchAction\",\"target\":{\"@type\":\"EntryPoint\",\"urlTemplate\":\"https:\\\/\\\/www.riadaltair.com\\\/?s={search_term_string}\"},\"query-input\":{\"@type\":\"PropertyValueSpecification\",\"valueRequired\":true,\"valueName\":\"search_term_string\"}}],\"inLanguage\":\"fr-FR\"}]}<\/script>\n<!-- \/ Yoast SEO plugin. -->","yoast_head_json":{"title":"MENUS - riad altair guest house marrakech","robots":{"index":"index","follow":"follow","max-snippet":"max-snippet:-1","max-image-preview":"max-image-preview:large","max-video-preview":"max-video-preview:-1"},"canonical":"https:\/\/www.riadaltair.com\/fr\/menu\/","og_locale":"fr_FR","og_type":"article","og_title":"MENUS - riad altair guest house marrakech","og_description":"MENUS Menus d\u00eeners D\u00e9couvrez la cuisine de Saida, qui chaque matin apr\u00e8s avoir fait son march\u00e9 dans les souks \u00e0 cot\u00e9, vous concoctera les sp\u00e9cialit\u00e9s dont elle a le secret. Et si vous avez un souhait particulier, n\u2019h\u00e9sitez pas \u00e0 lui formuler, elle se fera toujours un plaisir de vous satisfaire\u2026 Voir + Spa \u00c9chappez [&hellip;]","og_url":"https:\/\/www.riadaltair.com\/fr\/menu\/","og_site_name":"riad altair guest house marrakech","article_modified_time":"2025-02-12T19:43:08+00:00","og_image":[{"width":567,"height":378,"url":"https:\/\/www.riadaltair.com\/wp-content\/uploads\/2022\/10\/IMG_7957-1.jpg","type":"image\/jpeg"}],"twitter_card":"summary_large_image","twitter_misc":{"Dur\u00e9e de lecture estim\u00e9e":"2 minutes"},"schema":{"@context":"https:\/\/schema.org","@graph":[{"@type":"WebPage","@id":"https:\/\/www.riadaltair.com\/fr\/menu\/","url":"https:\/\/www.riadaltair.com\/fr\/menu\/","name":"MENUS - riad altair guest house marrakech","isPartOf":{"@id":"https:\/\/www.riadaltair.com\/#website"},"primaryImageOfPage":{"@id":"https:\/\/www.riadaltair.com\/fr\/menu\/#primaryimage"},"image":{"@id":"https:\/\/www.riadaltair.com\/fr\/menu\/#primaryimage"},"thumbnailUrl":"https:\/\/www.riadaltair.com\/wp-content\/uploads\/2022\/10\/IMG_7957-1.jpg","datePublished":"2022-09-19T16:08:41+00:00","dateModified":"2025-02-12T19:43:08+00:00","breadcrumb":{"@id":"https:\/\/www.riadaltair.com\/fr\/menu\/#breadcrumb"},"inLanguage":"fr-FR","potentialAction":[{"@type":"ReadAction","target":["https:\/\/www.riadaltair.com\/fr\/menu\/"]}]},{"@type":"ImageObject","inLanguage":"fr-FR","@id":"https:\/\/www.riadaltair.com\/fr\/menu\/#primaryimage","url":"https:\/\/www.riadaltair.com\/wp-content\/uploads\/2022\/10\/IMG_7957-1.jpg","contentUrl":"https:\/\/www.riadaltair.com\/wp-content\/uploads\/2022\/10\/IMG_7957-1.jpg"},{"@type":"BreadcrumbList","@id":"https:\/\/www.riadaltair.com\/fr\/menu\/#breadcrumb","itemListElement":[{"@type":"ListItem","position":1,"name":"Accueil","item":"https:\/\/www.riadaltair.com\/fr\/"},{"@type":"ListItem","position":2,"name":"MENUS"}]},{"@type":"WebSite","@id":"https:\/\/www.riadaltair.com\/#website","url":"https:\/\/www.riadaltair.com\/","name":"riad altair guest house marrakech","description":"riad altair guest house marrakech","potentialAction":[{"@type":"SearchAction","target":{"@type":"EntryPoint","urlTemplate":"https:\/\/www.riadaltair.com\/?s={search_term_string}"},"query-input":{"@type":"PropertyValueSpecification","valueRequired":true,"valueName":"search_term_string"}}],"inLanguage":"fr-FR"}]}},"_links":{"self":[{"href":"https:\/\/www.riadaltair.com\/fr\/wp-json\/wp\/v2\/pages\/3577","targetHints":{"allow":["GET"]}}],"collection":[{"href":"https:\/\/www.riadaltair.com\/fr\/wp-json\/wp\/v2\/pages"}],"about":[{"href":"https:\/\/www.riadaltair.com\/fr\/wp-json\/wp\/v2\/types\/page"}],"author":[{"embeddable":true,"href":"https:\/\/www.riadaltair.com\/fr\/wp-json\/wp\/v2\/users\/1"}],"replies":[{"embeddable":true,"href":"https:\/\/www.riadaltair.com\/fr\/wp-json\/wp\/v2\/comments?post=3577"}],"version-history":[{"count":8,"href":"https:\/\/www.riadaltair.com\/fr\/wp-json\/wp\/v2\/pages\/3577\/revisions"}],"predecessor-version":[{"id":93281,"href":"https:\/\/www.riadaltair.com\/fr\/wp-json\/wp\/v2\/pages\/3577\/revisions\/93281"}],"wp:attachment":[{"href":"https:\/\/www.riadaltair.com\/fr\/wp-json\/wp\/v2\/media?parent=3577"}],"curies":[{"name":"wp","href":"https:\/\/api.w.org\/{rel}","templated":true}]}}