{"id":53,"date":"2022-09-09T10:24:36","date_gmt":"2022-09-09T10:24:36","guid":{"rendered":"https:\/\/www.riadaltair.com\/?page_id=53"},"modified":"2022-10-05T10:47:55","modified_gmt":"2022-10-05T10:47:55","slug":"privatisation","status":"publish","type":"page","link":"https:\/\/www.riadaltair.com\/fr\/privatisation\/","title":{"rendered":"PRIVATISATION"},"content":{"rendered":"\t\t<div data-elementor-type=\"wp-page\" data-elementor-id=\"53\" class=\"elementor elementor-53\" data-elementor-post-type=\"page\">\n\t\t\t\t\t\t<section class=\"elementor-section elementor-top-section elementor-element elementor-element-44869e8 elementor-section-full_width elementor-section-stretched elementor-section-height-min-height elementor-section-height-default elementor-section-items-middle\" data-id=\"44869e8\" data-element_type=\"section\" data-e-type=\"section\" data-settings=\"{&quot;stretch_section&quot;:&quot;section-stretched&quot;,&quot;jet_parallax_layout_list&quot;:[],&quot;background_background&quot;:&quot;classic&quot;}\">\n\t\t\t\t\t\t<div class=\"elementor-container elementor-column-gap-default\">\n\t\t\t\t\t<div class=\"elementor-column elementor-col-100 elementor-top-column elementor-element elementor-element-457925b\" data-id=\"457925b\" data-element_type=\"column\" data-e-type=\"column\">\n\t\t\t<div class=\"elementor-widget-wrap\">\n\t\t\t\t\t\t\t<\/div>\n\t\t<\/div>\n\t\t\t\t\t<\/div>\n\t\t<\/section>\n\t\t\t\t<section class=\"elementor-section elementor-top-section elementor-element elementor-element-573c457 elementor-section-boxed elementor-section-height-default elementor-section-height-default\" data-id=\"573c457\" data-element_type=\"section\" data-e-type=\"section\" data-settings=\"{&quot;jet_parallax_layout_list&quot;:[]}\">\n\t\t\t\t\t\t<div class=\"elementor-container elementor-column-gap-default\">\n\t\t\t\t\t<div class=\"elementor-column elementor-col-100 elementor-top-column elementor-element elementor-element-ac3fd8a\" data-id=\"ac3fd8a\" data-element_type=\"column\" data-e-type=\"column\">\n\t\t\t<div class=\"elementor-widget-wrap elementor-element-populated\">\n\t\t\t\t\t\t<div class=\"elementor-element elementor-element-e2d6d38 elementor-widget elementor-widget-heading\" data-id=\"e2d6d38\" data-element_type=\"widget\" data-e-type=\"widget\" data-widget_type=\"heading.default\">\n\t\t\t\t<div class=\"elementor-widget-container\">\n\t\t\t\t\t<h1 class=\"elementor-heading-title elementor-size-default\">PRIVATISATION<\/h1>\t\t\t\t<\/div>\n\t\t\t\t<\/div>\n\t\t\t\t<div class=\"elementor-element elementor-element-88326a8 elementor-widget elementor-widget-text-editor\" data-id=\"88326a8\" data-element_type=\"widget\" data-e-type=\"widget\" data-widget_type=\"text-editor.default\">\n\t\t\t\t<div class=\"elementor-widget-container\">\n\t\t\t\t\t\t\t\t\tPrivatisez Alta\u00efr et vivez avec nous vos anniversaires, enterrements de vie de gar\u00e7on ou de jeune fille, moments familiaux ou rencontres amicales\u2026 La maison accueille vos \u00e9v\u00e9nements avec bonheur :\t\t\t\t\t\t\t\t<\/div>\n\t\t\t\t<\/div>\n\t\t\t\t\t<\/div>\n\t\t<\/div>\n\t\t\t\t\t<\/div>\n\t\t<\/section>\n\t\t\t\t<section class=\"elementor-section elementor-top-section elementor-element elementor-element-05eedc8 elementor-section-boxed elementor-section-height-default elementor-section-height-default\" data-id=\"05eedc8\" data-element_type=\"section\" data-e-type=\"section\" data-settings=\"{&quot;jet_parallax_layout_list&quot;:[]}\">\n\t\t\t\t\t\t<div class=\"elementor-container elementor-column-gap-default\">\n\t\t\t\t\t<div class=\"elementor-column elementor-col-50 elementor-top-column elementor-element elementor-element-6456501\" data-id=\"6456501\" data-element_type=\"column\" data-e-type=\"column\">\n\t\t\t<div class=\"elementor-widget-wrap elementor-element-populated\">\n\t\t\t\t\t\t<div class=\"elementor-element elementor-element-c48b395 elementor-widget elementor-widget-text-editor\" data-id=\"c48b395\" data-element_type=\"widget\" data-e-type=\"widget\" data-widget_type=\"text-editor.default\">\n\t\t\t\t<div class=\"elementor-widget-container\">\n\t\t\t\t\t\t\t\t\t<p>Privatisez Alta\u00efr et vivez avec nous vos anniversaires, enterrements de vie de gar\u00e7on ou de jeune fille, moments familiaux ou rencontres amicales\u2026 La maison accueille vos \u00e9v\u00e9nements avec bonheur :<\/p><p>Le Riad est alors tout \u00e0 vous \u2013 6 chambres pour 12 convives. Plus nombreux, vous serez accueillis \u00e0 proximit\u00e9 imm\u00e9diate par nos riads partenaires.<\/p><p>D\u00e9couvrez l\u2019hospitalit\u00e9 marocaine et reposez-vous sur un personnel chaleureux et d\u00e9vou\u00e9. Notre \u00e9quipe vous est enti\u00e8rement d\u00e9di\u00e9e.<\/p><p>Nous serons heureux de vous accompagner dans l\u2019organisation et tout au long de votre s\u00e9jour.<\/p><p>Contactez-nous et laissez-vous guider\u2026<\/p>\t\t\t\t\t\t\t\t<\/div>\n\t\t\t\t<\/div>\n\t\t\t\t<div class=\"elementor-element elementor-element-5f97790 elementor-align-right elementor-widget__width-auto elementor-mobile-align-center elementor-widget-mobile__width-inherit elementor-tablet-align-center elementor-widget-tablet__width-inherit elementor-widget elementor-widget-raven-button\" data-id=\"5f97790\" data-element_type=\"widget\" data-e-type=\"widget\" data-settings=\"{&quot;turn_to_popup_action_button&quot;:&quot;no&quot;}\" data-widget_type=\"raven-button.default\">\n\t\t\t\t<div class=\"elementor-widget-container\">\n\t\t\t\t\t\t\t<div class=\"raven-widget-wrapper\">\n\t\t\t<a class=\"raven-button raven-button-widget-normal-effect-none  raven-button-text-align-left raven-button-link elementor-animation-none\" href=\"https:\/\/www.secure-hotel-booking.com\/smart\/riad-altair-marrakech\/2U81\/fr\/\" target=\"_blank\">\t\t\t\t<div class=\"raven-button-overlay\" ><\/div>\n\t\t\t\t<span class=\"raven-button-content\">\n\t\t\t\t\t\n\t\t\t\t\t<div class=\"button-text-container\">\n\t\t\t\t\t\t\t\t\t\t\t\t<div class=\"raven-button-texts-wrapper\">\n\t\t\t\t\t\t\t<div class=\"button-text\">\n\t\t\t\t\t\t\t\t<span class=\"raven-button-text\">\n\t\t\t\t\t\t\t\t\tR\u00e9server\t\t\t\t\t\t\t\t<\/span>\n\t\t\t\t\t\t\t<\/div>\n\t\t\t\t\t\t\t\t\t\t\t\t\t<\/div>\n\t\t\t\t\t\t\t\t\t\t\t<\/div>\n\t\t\t\t\t\n\t\t\t\t\t\t\t\t\t<\/span>\n\t\t\t<\/a>\t\t<\/div>\n\t\t\t\t\t\t<\/div>\n\t\t\t\t<\/div>\n\t\t\t\t<div class=\"elementor-element elementor-element-886f977 elementor-align-right elementor-widget__width-auto elementor-mobile-align-center elementor-widget-mobile__width-inherit elementor-tablet-align-center elementor-widget-tablet__width-inherit elementor-widget elementor-widget-raven-button\" data-id=\"886f977\" data-element_type=\"widget\" data-e-type=\"widget\" data-settings=\"{&quot;turn_to_popup_action_button&quot;:&quot;no&quot;}\" data-widget_type=\"raven-button.default\">\n\t\t\t\t<div class=\"elementor-widget-container\">\n\t\t\t\t\t\t\t<div class=\"raven-widget-wrapper\">\n\t\t\t<a class=\"raven-button raven-button-widget-normal-effect-none  raven-button-text-align-center raven-button-link elementor-animation-none\" href=\"\/contact\/\">\t\t\t\t<div class=\"raven-button-overlay\" ><\/div>\n\t\t\t\t<span class=\"raven-button-content\">\n\t\t\t\t\t\n\t\t\t\t\t<div class=\"button-text-container\">\n\t\t\t\t\t\t\t\t\t\t\t\t<div class=\"raven-button-texts-wrapper\">\n\t\t\t\t\t\t\t<div class=\"button-text\">\n\t\t\t\t\t\t\t\t<span class=\"raven-button-text\">\n\t\t\t\t\t\t\t\t\tNous contacter\t\t\t\t\t\t\t\t<\/span>\n\t\t\t\t\t\t\t<\/div>\n\t\t\t\t\t\t\t\t\t\t\t\t\t<\/div>\n\t\t\t\t\t\t\t\t\t\t\t<\/div>\n\t\t\t\t\t\n\t\t\t\t\t\t\t\t\t<\/span>\n\t\t\t<\/a>\t\t<\/div>\n\t\t\t\t\t\t<\/div>\n\t\t\t\t<\/div>\n\t\t\t\t\t<\/div>\n\t\t<\/div>\n\t\t\t\t<div class=\"elementor-column elementor-col-50 elementor-top-column elementor-element elementor-element-a677dbc\" data-id=\"a677dbc\" data-element_type=\"column\" data-e-type=\"column\">\n\t\t\t<div class=\"elementor-widget-wrap elementor-element-populated\">\n\t\t\t\t\t\t<div class=\"elementor-element elementor-element-adcfac2 elementor-widget elementor-widget-image\" data-id=\"adcfac2\" data-element_type=\"widget\" data-e-type=\"widget\" data-widget_type=\"image.default\">\n\t\t\t\t<div class=\"elementor-widget-container\">\n\t\t\t\t\t\t\t\t\t\t\t\t\t\t\t<img fetchpriority=\"high\" decoding=\"async\" width=\"1920\" height=\"1280\" src=\"https:\/\/www.riadaltair.com\/wp-content\/uploads\/2022\/09\/ALTAIR-Archi-1.jpg\" class=\"attachment-full size-full wp-image-1966\" alt=\"\" srcset=\"https:\/\/www.riadaltair.com\/wp-content\/uploads\/2022\/09\/ALTAIR-Archi-1.jpg 1920w, https:\/\/www.riadaltair.com\/wp-content\/uploads\/2022\/09\/ALTAIR-Archi-1-300x200.jpg 300w, https:\/\/www.riadaltair.com\/wp-content\/uploads\/2022\/09\/ALTAIR-Archi-1-1024x683.jpg 1024w, https:\/\/www.riadaltair.com\/wp-content\/uploads\/2022\/09\/ALTAIR-Archi-1-768x512.jpg 768w, https:\/\/www.riadaltair.com\/wp-content\/uploads\/2022\/09\/ALTAIR-Archi-1-1536x1024.jpg 1536w\" sizes=\"(max-width: 1920px) 100vw, 1920px\" \/>\t\t\t\t\t\t\t\t\t\t\t\t\t\t\t<\/div>\n\t\t\t\t<\/div>\n\t\t\t\t\t<\/div>\n\t\t<\/div>\n\t\t\t\t\t<\/div>\n\t\t<\/section>\n\t\t\t\t<section class=\"elementor-section elementor-top-section elementor-element elementor-element-40463cf elementor-section-boxed elementor-section-height-default elementor-section-height-default\" data-id=\"40463cf\" data-element_type=\"section\" data-e-type=\"section\" data-settings=\"{&quot;jet_parallax_layout_list&quot;:[]}\">\n\t\t\t\t\t\t<div class=\"elementor-container elementor-column-gap-default\">\n\t\t\t\t\t<div class=\"elementor-column elementor-col-100 elementor-top-column elementor-element elementor-element-414443d\" data-id=\"414443d\" data-element_type=\"column\" data-e-type=\"column\">\n\t\t\t<div class=\"elementor-widget-wrap elementor-element-populated\">\n\t\t\t\t\t\t<div class=\"elementor-element elementor-element-62163ca elementor-widget elementor-widget-heading\" data-id=\"62163ca\" data-element_type=\"widget\" data-e-type=\"widget\" data-widget_type=\"heading.default\">\n\t\t\t\t<div class=\"elementor-widget-container\">\n\t\t\t\t\t<h2 class=\"elementor-heading-title elementor-size-default\">CONFIEZ-NOUS VOS ENVIES...<\/h2>\t\t\t\t<\/div>\n\t\t\t\t<\/div>\n\t\t\t\t\t<\/div>\n\t\t<\/div>\n\t\t\t\t\t<\/div>\n\t\t<\/section>\n\t\t\t\t<\/div>\n\t\t","protected":false},"excerpt":{"rendered":"<p>PRIVATISATION Privatisez Alta\u00efr et vivez avec nous vos anniversaires, enterrements de vie de gar\u00e7on ou de jeune fille, moments familiaux ou rencontres amicales\u2026 La maison accueille vos \u00e9v\u00e9nements avec bonheur : Privatisez Alta\u00efr et vivez avec nous vos anniversaires, enterrements de vie de gar\u00e7on ou de jeune fille, moments familiaux ou rencontres amicales\u2026 La maison [&hellip;]<\/p>\n","protected":false},"author":1,"featured_media":0,"parent":0,"menu_order":0,"comment_status":"closed","ping_status":"closed","template":"","meta":{"_acf_changed":false,"footnotes":""},"class_list":["post-53","page","type-page","status-publish","hentry"],"acf":[],"yoast_head":"<!-- This site is optimized with the Yoast SEO plugin v27.4 - https:\/\/yoast.com\/product\/yoast-seo-wordpress\/ -->\n<title>PRIVATISATION - riad altair guest house marrakech<\/title>\n<meta name=\"robots\" content=\"index, follow, max-snippet:-1, max-image-preview:large, max-video-preview:-1\" \/>\n<link rel=\"canonical\" href=\"https:\/\/www.riadaltair.com\/fr\/privatisation\/\" \/>\n<meta property=\"og:locale\" content=\"fr_FR\" \/>\n<meta property=\"og:type\" content=\"article\" \/>\n<meta property=\"og:title\" content=\"PRIVATISATION - riad altair guest house marrakech\" \/>\n<meta property=\"og:description\" content=\"PRIVATISATION Privatisez Alta\u00efr et vivez avec nous vos anniversaires, enterrements de vie de gar\u00e7on ou de jeune fille, moments familiaux ou rencontres amicales\u2026 La maison accueille vos \u00e9v\u00e9nements avec bonheur : Privatisez Alta\u00efr et vivez avec nous vos anniversaires, enterrements de vie de gar\u00e7on ou de jeune fille, moments familiaux ou rencontres amicales\u2026 La maison [&hellip;]\" \/>\n<meta property=\"og:url\" content=\"https:\/\/www.riadaltair.com\/fr\/privatisation\/\" \/>\n<meta property=\"og:site_name\" content=\"riad altair guest house marrakech\" \/>\n<meta property=\"article:modified_time\" content=\"2022-10-05T10:47:55+00:00\" \/>\n<meta property=\"og:image\" content=\"https:\/\/www.riadaltair.com\/wp-content\/uploads\/2022\/09\/ALTAIR-Archi-1.jpg\" \/>\n<meta name=\"twitter:card\" content=\"summary_large_image\" \/>\n<meta name=\"twitter:label1\" content=\"Dur\u00e9e de lecture estim\u00e9e\" \/>\n\t<meta name=\"twitter:data1\" content=\"1 minute\" \/>\n<script type=\"application\/ld+json\" class=\"yoast-schema-graph\">{\"@context\":\"https:\\\/\\\/schema.org\",\"@graph\":[{\"@type\":\"WebPage\",\"@id\":\"https:\\\/\\\/www.riadaltair.com\\\/fr\\\/privatisation\\\/\",\"url\":\"https:\\\/\\\/www.riadaltair.com\\\/fr\\\/privatisation\\\/\",\"name\":\"PRIVATISATION - riad altair guest house marrakech\",\"isPartOf\":{\"@id\":\"https:\\\/\\\/www.riadaltair.com\\\/#website\"},\"primaryImageOfPage\":{\"@id\":\"https:\\\/\\\/www.riadaltair.com\\\/fr\\\/privatisation\\\/#primaryimage\"},\"image\":{\"@id\":\"https:\\\/\\\/www.riadaltair.com\\\/fr\\\/privatisation\\\/#primaryimage\"},\"thumbnailUrl\":\"https:\\\/\\\/www.riadaltair.com\\\/wp-content\\\/uploads\\\/2022\\\/09\\\/ALTAIR-Archi-1.jpg\",\"datePublished\":\"2022-09-09T10:24:36+00:00\",\"dateModified\":\"2022-10-05T10:47:55+00:00\",\"breadcrumb\":{\"@id\":\"https:\\\/\\\/www.riadaltair.com\\\/fr\\\/privatisation\\\/#breadcrumb\"},\"inLanguage\":\"fr-FR\",\"potentialAction\":[{\"@type\":\"ReadAction\",\"target\":[\"https:\\\/\\\/www.riadaltair.com\\\/fr\\\/privatisation\\\/\"]}]},{\"@type\":\"ImageObject\",\"inLanguage\":\"fr-FR\",\"@id\":\"https:\\\/\\\/www.riadaltair.com\\\/fr\\\/privatisation\\\/#primaryimage\",\"url\":\"https:\\\/\\\/www.riadaltair.com\\\/wp-content\\\/uploads\\\/2022\\\/09\\\/ALTAIR-Archi-1.jpg\",\"contentUrl\":\"https:\\\/\\\/www.riadaltair.com\\\/wp-content\\\/uploads\\\/2022\\\/09\\\/ALTAIR-Archi-1.jpg\"},{\"@type\":\"BreadcrumbList\",\"@id\":\"https:\\\/\\\/www.riadaltair.com\\\/fr\\\/privatisation\\\/#breadcrumb\",\"itemListElement\":[{\"@type\":\"ListItem\",\"position\":1,\"name\":\"Accueil\",\"item\":\"https:\\\/\\\/www.riadaltair.com\\\/fr\\\/\"},{\"@type\":\"ListItem\",\"position\":2,\"name\":\"PRIVATISATION\"}]},{\"@type\":\"WebSite\",\"@id\":\"https:\\\/\\\/www.riadaltair.com\\\/#website\",\"url\":\"https:\\\/\\\/www.riadaltair.com\\\/\",\"name\":\"riad altair guest house marrakech\",\"description\":\"riad altair guest house marrakech\",\"potentialAction\":[{\"@type\":\"SearchAction\",\"target\":{\"@type\":\"EntryPoint\",\"urlTemplate\":\"https:\\\/\\\/www.riadaltair.com\\\/?s={search_term_string}\"},\"query-input\":{\"@type\":\"PropertyValueSpecification\",\"valueRequired\":true,\"valueName\":\"search_term_string\"}}],\"inLanguage\":\"fr-FR\"}]}<\/script>\n<!-- \/ Yoast SEO plugin. -->","yoast_head_json":{"title":"PRIVATISATION - riad altair guest house marrakech","robots":{"index":"index","follow":"follow","max-snippet":"max-snippet:-1","max-image-preview":"max-image-preview:large","max-video-preview":"max-video-preview:-1"},"canonical":"https:\/\/www.riadaltair.com\/fr\/privatisation\/","og_locale":"fr_FR","og_type":"article","og_title":"PRIVATISATION - riad altair guest house marrakech","og_description":"PRIVATISATION Privatisez Alta\u00efr et vivez avec nous vos anniversaires, enterrements de vie de gar\u00e7on ou de jeune fille, moments familiaux ou rencontres amicales\u2026 La maison accueille vos \u00e9v\u00e9nements avec bonheur : Privatisez Alta\u00efr et vivez avec nous vos anniversaires, enterrements de vie de gar\u00e7on ou de jeune fille, moments familiaux ou rencontres amicales\u2026 La maison [&hellip;]","og_url":"https:\/\/www.riadaltair.com\/fr\/privatisation\/","og_site_name":"riad altair guest house marrakech","article_modified_time":"2022-10-05T10:47:55+00:00","og_image":[{"url":"https:\/\/www.riadaltair.com\/wp-content\/uploads\/2022\/09\/ALTAIR-Archi-1.jpg","type":"","width":"","height":""}],"twitter_card":"summary_large_image","twitter_misc":{"Dur\u00e9e de lecture estim\u00e9e":"1 minute"},"schema":{"@context":"https:\/\/schema.org","@graph":[{"@type":"WebPage","@id":"https:\/\/www.riadaltair.com\/fr\/privatisation\/","url":"https:\/\/www.riadaltair.com\/fr\/privatisation\/","name":"PRIVATISATION - riad altair guest house marrakech","isPartOf":{"@id":"https:\/\/www.riadaltair.com\/#website"},"primaryImageOfPage":{"@id":"https:\/\/www.riadaltair.com\/fr\/privatisation\/#primaryimage"},"image":{"@id":"https:\/\/www.riadaltair.com\/fr\/privatisation\/#primaryimage"},"thumbnailUrl":"https:\/\/www.riadaltair.com\/wp-content\/uploads\/2022\/09\/ALTAIR-Archi-1.jpg","datePublished":"2022-09-09T10:24:36+00:00","dateModified":"2022-10-05T10:47:55+00:00","breadcrumb":{"@id":"https:\/\/www.riadaltair.com\/fr\/privatisation\/#breadcrumb"},"inLanguage":"fr-FR","potentialAction":[{"@type":"ReadAction","target":["https:\/\/www.riadaltair.com\/fr\/privatisation\/"]}]},{"@type":"ImageObject","inLanguage":"fr-FR","@id":"https:\/\/www.riadaltair.com\/fr\/privatisation\/#primaryimage","url":"https:\/\/www.riadaltair.com\/wp-content\/uploads\/2022\/09\/ALTAIR-Archi-1.jpg","contentUrl":"https:\/\/www.riadaltair.com\/wp-content\/uploads\/2022\/09\/ALTAIR-Archi-1.jpg"},{"@type":"BreadcrumbList","@id":"https:\/\/www.riadaltair.com\/fr\/privatisation\/#breadcrumb","itemListElement":[{"@type":"ListItem","position":1,"name":"Accueil","item":"https:\/\/www.riadaltair.com\/fr\/"},{"@type":"ListItem","position":2,"name":"PRIVATISATION"}]},{"@type":"WebSite","@id":"https:\/\/www.riadaltair.com\/#website","url":"https:\/\/www.riadaltair.com\/","name":"riad altair guest house marrakech","description":"riad altair guest house marrakech","potentialAction":[{"@type":"SearchAction","target":{"@type":"EntryPoint","urlTemplate":"https:\/\/www.riadaltair.com\/?s={search_term_string}"},"query-input":{"@type":"PropertyValueSpecification","valueRequired":true,"valueName":"search_term_string"}}],"inLanguage":"fr-FR"}]}},"_links":{"self":[{"href":"https:\/\/www.riadaltair.com\/fr\/wp-json\/wp\/v2\/pages\/53","targetHints":{"allow":["GET"]}}],"collection":[{"href":"https:\/\/www.riadaltair.com\/fr\/wp-json\/wp\/v2\/pages"}],"about":[{"href":"https:\/\/www.riadaltair.com\/fr\/wp-json\/wp\/v2\/types\/page"}],"author":[{"embeddable":true,"href":"https:\/\/www.riadaltair.com\/fr\/wp-json\/wp\/v2\/users\/1"}],"replies":[{"embeddable":true,"href":"https:\/\/www.riadaltair.com\/fr\/wp-json\/wp\/v2\/comments?post=53"}],"version-history":[{"count":0,"href":"https:\/\/www.riadaltair.com\/fr\/wp-json\/wp\/v2\/pages\/53\/revisions"}],"wp:attachment":[{"href":"https:\/\/www.riadaltair.com\/fr\/wp-json\/wp\/v2\/media?parent=53"}],"curies":[{"name":"wp","href":"https:\/\/api.w.org\/{rel}","templated":true}]}}